{"id":1041279,"date":"2021-04-05T10:14:36","date_gmt":"2021-04-05T15:14:36","guid":{"rendered":"https:\/\/fintechlab.la\/sobre-nosotros\/"},"modified":"2022-11-22T14:44:32","modified_gmt":"2022-11-22T19:44:32","slug":"sobre-nosotros","status":"publish","type":"page","link":"https:\/\/fintechlab.la\/es\/sobre-nosotros\/","title":{"rendered":"Nosotros"},"content":{"rendered":"<p>{\u00abmain-title\u00bb:{\u00abcomponent\u00bb:\u00bbhc_title\u00bb,\u00bbid\u00bb:\u00bbmain-title\u00bb,\u00bbtitle\u00bb:\u00bb\u00bb,\u00bbsubtitle\u00bb:\u00bbNuestra propuesta de valor\u00bb,\u00bbtitle_content\u00bb:{\u00abcomponent\u00bb:\u00bbhc_title_image\u00bb,\u00bbid\u00bb:\u00bbtitle-image\u00bb,\u00bbimage\u00bb:\u00bbhttp:\/\/websummit.fintechlab.la\/wp-content\/uploads\/2020\/12\/rendered-1024&#215;267.jpg|500|1920|1040995&#8243;,\u00bbfull_screen\u00bb:false,\u00bbfull_screen_height\u00bb:\u00bb\u00bb,\u00bbparallax\u00bb:true,\u00bbbleed\u00bb:\u00bb\u00bb,\u00bbken_burn\u00bb:\u00bbken-burn-center\u00bb,\u00bbbreadcrumbs\u00bb:true,\u00bblight\u00bb:true,\u00bbalignment\u00bb:\u00bbalign-center\u00bb}},\u00bbsection_5ZtkF\u00bb:{\u00abcomponent\u00bb:\u00bbhc_section\u00bb,\u00bbid\u00bb:\u00bbsection_5ZtkF\u00bb,\u00bbsection_width\u00bb:\u00bb\u00bb,\u00bbanimation\u00bb:\u00bb\u00bb,\u00bbanimation_time\u00bb:\u00bb\u00bb,\u00bbtimeline_animation\u00bb:\u00bb\u00bb,\u00bbtimeline_delay\u00bb:\u00bb\u00bb,\u00bbtimeline_order\u00bb:\u00bb\u00bb,\u00bbvertical_row\u00bb:\u00bb\u00bb,\u00bbcss_classes\u00bb:\u00bb\u00bb,\u00bbcustom_css_classes\u00bb:\u00bb\u00bb,\u00bbcustom_css_styles\u00bb:\u00bb\u00bb,\u00bbsection_content\u00bb:[{\u00abcomponent\u00bb:\u00bbhc_column\u00bb,\u00bbid\u00bb:\u00bbcolumn_dI1j4&#8243;,\u00bbcolumn_width\u00bb:\u00bbcol-md-4&#8243;,\u00bbanimation\u00bb:\u00bb\u00bb,\u00bbanimation_time\u00bb:\u00bb\u00bb,\u00bbtimeline_animation\u00bb:\u00bb\u00bb,\u00bbtimeline_delay\u00bb:\u00bb\u00bb,\u00bbtimeline_order\u00bb:\u00bb\u00bb,\u00bbcss_classes\u00bb:\u00bb\u00bb,\u00bbcustom_css_classes\u00bb:\u00bb\u00bb,\u00bbcustom_css_styles\u00bb:\u00bb\u00bb,\u00bbmain_content\u00bb:[{\u00abcomponent\u00bb:\u00bbhc_text_block\u00bb,\u00bbid\u00bb:\u00bb94HcC\u00bb,\u00bbcss_classes\u00bb:\u00bb\u00bb,\u00bbcustom_css_classes\u00bb:\u00bb\u00bb,\u00bbcustom_css_styles\u00bb:\u00bb\u00bb,\u00bbcontent\u00bb:\u00bb<\/p>\n<div style=\\\"text-align:justify;\\\">Nuestra visi\u00f3n es ser la empresa m\u00e1s centrada en las personas del mundo, donde los clientes puedan descubrir cualquier servicio financiero que deseen contratar en l\u00ednea y comprometerse a ofrecer los costos m\u00e1s bajos posibles.<\/div>\n<p>\u00ab}]},{\u00abcomponent\u00bb:\u00bbhc_column\u00bb,\u00bbid\u00bb:\u00bbcolumn_86nrC\u00bb,\u00bbcolumn_width\u00bb:\u00bbcol-md-4&#8243;,\u00bbanimation\u00bb:\u00bb\u00bb,\u00bbanimation_time\u00bb:\u00bb\u00bb,\u00bbtimeline_animation\u00bb:\u00bb\u00bb,\u00bbtimeline_delay\u00bb:\u00bb\u00bb,\u00bbtimeline_order\u00bb:\u00bb\u00bb,\u00bbcss_classes\u00bb:\u00bb\u00bb,\u00bbcustom_css_classes\u00bb:\u00bb\u00bb,\u00bbcustom_css_styles\u00bb:\u00bb\u00bb,\u00bbmain_content\u00bb:[{\u00abcomponent\u00bb:\u00bbhc_text_block\u00bb,\u00bbid\u00bb:\u00bbdD7lu\u00bb,\u00bbcss_classes\u00bb:\u00bb\u00bb,\u00bbcustom_css_classes\u00bb:\u00bb\u00bb,\u00bbcustom_css_styles\u00bb:\u00bb\u00bb,\u00bbcontent\u00bb:\u00bb<\/p>\n<div style=\\\"text-align:justify;\\\">FintechLab es una empresa de innovaci\u00f3n digital especializada en tecnolog\u00edas financieras. Brindamos servicios desde el dise\u00f1o y creaci\u00f3n de nuevos modelos de negocio en finanzas digitales con una excelente experiencia en sus clientes, hasta el desarrollo de productos Business-to-business (B2B) \/ Business-to-customer (B2C) basados \u200b\u200ben cadena de bloques (Blockchain), internet de las cosas (IoT), computaci\u00f3n en la nube e inteligencia artificial con impacto social, acelerando la transformaci\u00f3n digital en Latinoam\u00e9rica<\/div>\n<p>\u00ab}]},{\u00abcomponent\u00bb:\u00bbhc_column\u00bb,\u00bbid\u00bb:\u00bbcolumn_cEo5r\u00bb,\u00bbcolumn_width\u00bb:\u00bbcol-md-4&#8243;,\u00bbanimation\u00bb:\u00bb\u00bb,\u00bbanimation_time\u00bb:\u00bb\u00bb,\u00bbtimeline_animation\u00bb:\u00bb\u00bb,\u00bbtimeline_delay\u00bb:\u00bb\u00bb,\u00bbtimeline_order\u00bb:\u00bb\u00bb,\u00bbcss_classes\u00bb:\u00bb\u00bb,\u00bbcustom_css_classes\u00bb:\u00bbcol-fit\u00bb,\u00bbcustom_css_styles\u00bb:\u00bb\u00bb,\u00bbmain_content\u00bb:[{\u00abcomponent\u00bb:\u00bbhc_image_slider\u00bb,\u00bbid\u00bb:\u00bbhxEMD\u00bb,\u00bbcss_classes\u00bb:\u00bblight \u00ab,\u00bbcustom_css_classes\u00bb:\u00bb\u00bb,\u00bbcustom_css_styles\u00bb:\u00bb\u00bb,\u00bbslides\u00bb:[{\u00abcomponent\u00bb:\u00bbhc_upload_img\u00bb,\u00bbid\u00bb:\u00bbfqNGd\u00bb,\u00bblink\u00bb:\u00bbhttp:\/\/websummit.fintechlab.la\/wp-content\/uploads\/2020\/12\/rosamaria12.png|213|340|1040990&#8243;},{\u00abcomponent\u00bb:\u00bbhc_upload_img\u00bb,\u00bbid\u00bb:\u00bbxheRt\u00bb,\u00bblink\u00bb:\u00bbhttp:\/\/websummit.fintechlab.la\/wp-content\/uploads\/2020\/11\/image3.png|213|340|1040970&#8243;},{\u00abcomponent\u00bb:\u00bbhc_upload_img\u00bb,\u00bbid\u00bb:\u00bbXK65c\u00bb,\u00bblink\u00bb:\u00bbhttp:\/\/websummit.fintechlab.la\/wp-content\/uploads\/2020\/12\/mit2.png|213|340|1040992&#8243;}],\u00bblightbox\u00bb:true,\u00bblightbox_animation\u00bb:\u00bbfade-top\u00bb,\u00bbimage_animation\u00bb:\u00bb\u00bb,\u00bbthumb_size\u00bb:\u00bbfull\u00bb,\u00bbimage_size\u00bb:\u00bbfull\u00bb,\u00bbpng\u00bb:false,\u00bbcustom_classes\u00bb:\u00bb\u00bb,\u00bbtrigger\u00bb:\u00bb\u00bb,\u00bbdata_options\u00bb:\u00bbnav:true\u00bb},{\u00abcomponent\u00bb:\u00bbhc_code_block\u00bb,\u00bbid\u00bb:\u00bbX3QgI\u00bb,\u00bbcss_classes\u00bb:\u00bb\u00bb,\u00bbcustom_css_classes\u00bb:\u00bb\u00bb,\u00bbcustom_css_styles\u00bb:\u00bb\u00bb,\u00bbcontent\u00bb:\u00bb003c00640069007600200063006c006100730073003d00220062006f0078002d007300690067006e0020006e006f002d006d0061007200670069006e0022003e000a003c0021002d002d0069006d006700200061006c0074003d0022007300690067006e00220020007300720063003d002200680074007400700073003a002f002f0069006d00610067006500730032002e0069006d00670062006f0078002e0063006f006d002f00310034002f00320038002f00420069004a00710042006200450058005f006f002e0070006e00670022002d002d003e000a003c0062003e0052006f007300610020004d0061007200ed00610020004f00720065006c006c0061006e0061003c002f0062003e000a003c007300700061006e003e00460075006e006400610064006f0072006100200026002000430045004f003c002f007300700061006e003e000a003c002f006400690076003e\u00bb,\u00bblanguage\u00bb:\u00bb\u00bb}]},{\u00abcomponent\u00bb:\u00bbhc_column\u00bb,\u00bbid\u00bb:\u00bbcolumn_UFysI\u00bb,\u00bbcolumn_width\u00bb:\u00bbcol-md-12&#8243;,\u00bbanimation\u00bb:\u00bb\u00bb,\u00bbanimation_time\u00bb:\u00bb\u00bb,\u00bbtimeline_animation\u00bb:\u00bb\u00bb,\u00bbtimeline_delay\u00bb:\u00bb\u00bb,\u00bbtimeline_order\u00bb:\u00bb\u00bb,\u00bbcss_classes\u00bb:\u00bb\u00bb,\u00bbcustom_css_classes\u00bb:\u00bb\u00bb,\u00bbcustom_css_styles\u00bb:\u00bb\u00bb,\u00bbmain_content\u00bb:[{\u00abcomponent\u00bb:\u00bbhc_space\u00bb,\u00bbid\u00bb:\u00bbSUBwu\u00bb,\u00bbcss_classes\u00bb:\u00bb\u00bb,\u00bbcustom_css_classes\u00bb:\u00bb\u00bb,\u00bbcustom_css_styles\u00bb:\u00bb\u00bb,\u00bbsize\u00bb:\u00bbspace\u00bb,\u00bbheight\u00bb:\u00bb\u00bb},{\u00abcomponent\u00bb:\u00bbhc_space\u00bb,\u00bbid\u00bb:\u00bbo82B3&#8243;,\u00bbcss_classes\u00bb:\u00bb\u00bb,\u00bbcustom_css_classes\u00bb:\u00bb\u00bb,\u00bbcustom_css_styles\u00bb:\u00bb\u00bb,\u00bbsize\u00bb:\u00bbspace\u00bb,\u00bbheight\u00bb:\u00bb\u00bb},{\u00abcomponent\u00bb:\u00bbhc_subtitle\u00bb,\u00bbid\u00bb:\u00bbA7O56&#8243;,\u00bbcss_classes\u00bb:\u00bbno-margin \u00ab,\u00bbcustom_css_classes\u00bb:\u00bb\u00bb,\u00bbcustom_css_styles\u00bb:\u00bb\u00bb,\u00bbtitle\u00bb:\u00bbNuestra misi\u00f3n y valores\u00bb,\u00bbsubtitle\u00bb:\u00bb\u00bfQUE HACEMOS?\u00bb,\u00bbalignment\u00bb:\u00bb\u00bb},{\u00abcomponent\u00bb:\u00bbhc_space\u00bb,\u00bbid\u00bb:\u00bbt7Rd2&#8243;,\u00bbcss_classes\u00bb:\u00bbhidden-md \u00ab,\u00bbcustom_css_classes\u00bb:\u00bb\u00bb,\u00bbcustom_css_styles\u00bb:\u00bb\u00bb,\u00bbsize\u00bb:\u00bbspace-sm\u00bb,\u00bbheight\u00bb:\u00bb\u00bb}]},{\u00abcomponent\u00bb:\u00bbhc_column\u00bb,\u00bbid\u00bb:\u00bbcolumn_QcJCU\u00bb,\u00bbcolumn_width\u00bb:\u00bbcol-md-8&#8243;,\u00bbanimation\u00bb:\u00bb\u00bb,\u00bbanimation_time\u00bb:\u00bb\u00bb,\u00bbtimeline_animation\u00bb:\u00bb\u00bb,\u00bbtimeline_delay\u00bb:\u00bb\u00bb,\u00bbtimeline_order\u00bb:\u00bb\u00bb,\u00bbcss_classes\u00bb:\u00bb\u00bb,\u00bbcustom_css_classes\u00bb:\u00bb\u00bb,\u00bbcustom_css_styles\u00bb:\u00bb\u00bb,\u00bbmain_content\u00bb:[{\u00abcomponent\u00bb:\u00bbhc_text_block\u00bb,\u00bbid\u00bb:\u00bb5dqUr\u00bb,\u00bbcss_classes\u00bb:\u00bb\u00bb,\u00bbcustom_css_classes\u00bb:\u00bb\u00bb,\u00bbcustom_css_styles\u00bb:\u00bb\u00bb,\u00bbcontent\u00bb:\u00bb<\/p>\n<div style=\\\"text-align:justify;\\\">Utilizar la tecnolog\u00eda y el talento de todo nuestro equipo para ofrecer a nuestros clientes acceso y la mejor experiencia de servicios financieros.\\n\\nHacemos uso de la tecnolog\u00eda financiera para ponerla al servicio de las personas. Ofrecemos productos digitales innovadores que transforman las finanzas. La empresa tiene una estrategia comercial y un dise\u00f1o de producto enfocado a las personas. Buscamos maximizar el beneficio de la sociedad haciendo sustentables nuestras operaciones. Creamos productos innovadores que no solo acercan a las personas que no tienen acceso a los servicios financieros, sino tambi\u00e9n a las que no est\u00e1n incluidas en la nueva era digital.\\n\\nNuestros valores son la confianza, el compromiso, la empat\u00eda y la transparencia.<\/div>\n<p>\u00ab}]},{\u00abcomponent\u00bb:\u00bbhc_column\u00bb,\u00bbid\u00bb:\u00bbcolumn_sbOPK\u00bb,\u00bbcolumn_width\u00bb:\u00bbcol-md-4&#8243;,\u00bbanimation\u00bb:\u00bb\u00bb,\u00bbanimation_time\u00bb:\u00bb\u00bb,\u00bbtimeline_animation\u00bb:\u00bb\u00bb,\u00bbtimeline_delay\u00bb:\u00bb\u00bb,\u00bbtimeline_order\u00bb:\u00bb\u00bb,\u00bbcss_classes\u00bb:\u00bb\u00bb,\u00bbcustom_css_classes\u00bb:\u00bb\u00bb,\u00bbcustom_css_styles\u00bb:\u00bb\u00bb,\u00bbmain_content\u00bb:[{\u00abcomponent\u00bb:\u00bbhc_code_block\u00bb,\u00bbid\u00bb:\u00bbYDTfX\u00bb,\u00bbcss_classes\u00bb:\u00bb\u00bb,\u00bbcustom_css_classes\u00bb:\u00bb\u00bb,\u00bbcustom_css_styles\u00bb:\u00bb\u00bb,\u00bbcontent\u00bb:\u00bb003c0021002d002d00640069007600200063006c006100730073003d00220062006f0078002d007300690067006e0020006e006f002d006d0061007200670069006e00220021003e000a003c0021002d002d0069006d006700200061006c0074003d0022007300690067006e00220020007300720063003d002200680074007400700073003a002f002f0069006d00610067006500730032002e0069006d00670062006f0078002e0063006f006d002f00310034002f00320038002f00420069004a00710042006200450058005f006f002e0070006e00670022002d002d003e000a003c0021002d002d0062003e0023003c002f0062002d002d003e000a003c0021002d002d007300700061006e003e00230023003c002f007300700061006e002d002d003e000a003c002f006400690076002d002d003e\u00bb,\u00bblanguage\u00bb:\u00bb\u00bb}]},{\u00abcomponent\u00bb:\u00bbhc_column\u00bb,\u00bbid\u00bb:\u00bbcolumn_7U9bB\u00bb,\u00bbcolumn_width\u00bb:\u00bbcol-md-12&#8243;,\u00bbanimation\u00bb:\u00bb\u00bb,\u00bbanimation_time\u00bb:\u00bb\u00bb,\u00bbtimeline_animation\u00bb:\u00bb\u00bb,\u00bbtimeline_delay\u00bb:\u00bb\u00bb,\u00bbtimeline_order\u00bb:\u00bb\u00bb,\u00bbcss_classes\u00bb:\u00bb\u00bb,\u00bbcustom_css_classes\u00bb:\u00bb\u00bb,\u00bbcustom_css_styles\u00bb:\u00bb\u00bb,\u00bbmain_content\u00bb:[{\u00abcomponent\u00bb:\u00bbhc_space\u00bb,\u00bbid\u00bb:\u00bbUoqOG\u00bb,\u00bbcss_classes\u00bb:\u00bb\u00bb,\u00bbcustom_css_classes\u00bb:\u00bb\u00bb,\u00bbcustom_css_styles\u00bb:\u00bb\u00bb,\u00bbsize\u00bb:\u00bbspace\u00bb,\u00bbheight\u00bb:\u00bb\u00bb},{\u00abcomponent\u00bb:\u00bbhc_grid_table\u00bb,\u00bbid\u00bb:\u00bbzh4yO\u00bb,\u00bbcss_classes\u00bb:\u00bbalign-left \u00ab,\u00bbcustom_css_classes\u00bb:\u00bb\u00bb,\u00bbcustom_css_styles\u00bb:\u00bb\u00bb,\u00bbcontent\u00bb:[{\u00abcomponent\u00bb:\u00bbhc_counter\u00bb,\u00bbid\u00bb:\u00bbEG6W5&#8243;,\u00bbcss_classes\u00bb:\u00bb\u00bb,\u00bbcustom_css_classes\u00bb:\u00bb\u00bb,\u00bbcustom_css_styles\u00bb:\u00bb\u00bb,\u00bbcount_to\u00bb:\u00bb3&#8243;,\u00bbicon\u00bb:\u00bbim-globe\u00bb,\u00bbicon_style\u00bb:\u00bb\u00bb,\u00bbicon_image\u00bb:\u00bb\u00bb,\u00bbstyle\u00bb:\u00bbcounter-horizontal\u00bb,\u00bbfrom\u00bb:\u00bb\u00bb,\u00bbspeed\u00bb:\u00bb\u00bb,\u00bbinterval\u00bb:\u00bb\u00bb,\u00bbtitle\u00bb:\u00bbPAISES\u00bb,\u00bbsubtitle\u00bb:\u00bb+\u00bb,\u00bbseparator\u00bb:\u00bb\u00bb,\u00bbtext_size\u00bb:\u00bb\u00bb,\u00bbtext_size_2&#8243;:\u00bb\u00bb,\u00bbicon_size\u00bb:\u00bb\u00bb},{\u00abcomponent\u00bb:\u00bbhc_counter\u00bb,\u00bbid\u00bb:\u00bbhWO71&#8243;,\u00bbcss_classes\u00bb:\u00bb\u00bb,\u00bbcustom_css_classes\u00bb:\u00bb\u00bb,\u00bbcustom_css_styles\u00bb:\u00bb\u00bb,\u00bbcount_to\u00bb:\u00bb17&#8243;,\u00bbicon\u00bb:\u00bbim-checked-user\u00bb,\u00bbicon_style\u00bb:\u00bb\u00bb,\u00bbicon_image\u00bb:\u00bb\u00bb,\u00bbstyle\u00bb:\u00bbcounter-horizontal\u00bb,\u00bbfrom\u00bb:\u00bb\u00bb,\u00bbspeed\u00bb:\u00bb\u00bb,\u00bbinterval\u00bb:\u00bb\u00bb,\u00bbtitle\u00bb:\u00bbCLIENTES\u00bb,\u00bbsubtitle\u00bb:\u00bb+\u00bb,\u00bbseparator\u00bb:\u00bb\u00bb,\u00bbtext_size\u00bb:\u00bb\u00bb,\u00bbtext_size_2&#8243;:\u00bb\u00bb,\u00bbicon_size\u00bb:\u00bb\u00bb},{\u00abcomponent\u00bb:\u00bbhc_counter\u00bb,\u00bbid\u00bb:\u00bbO9c48&#8243;,\u00bbcss_classes\u00bb:\u00bb\u00bb,\u00bbcustom_css_classes\u00bb:\u00bb\u00bb,\u00bbcustom_css_styles\u00bb:\u00bb\u00bb,\u00bbcount_to\u00bb:\u00bb35&#8243;,\u00bbicon\u00bb:\u00bbim-usb-cable\u00bb,\u00bbicon_style\u00bb:\u00bb\u00bb,\u00bbicon_image\u00bb:\u00bb\u00bb,\u00bbstyle\u00bb:\u00bbcounter-horizontal\u00bb,\u00bbfrom\u00bb:\u00bb\u00bb,\u00bbspeed\u00bb:\u00bb\u00bb,\u00bbinterval\u00bb:\u00bb\u00bb,\u00bbtitle\u00bb:\u00bbPROYECTOS\u00bb,\u00bbsubtitle\u00bb:\u00bb+\u00bb,\u00bbseparator\u00bb:\u00bb\u00bb,\u00bbtext_size\u00bb:\u00bb\u00bb,\u00bbtext_size_2&#8243;:\u00bb\u00bb,\u00bbicon_size\u00bb:\u00bb\u00bb},{\u00abcomponent\u00bb:\u00bbhc_counter\u00bb,\u00bbid\u00bb:\u00bbOjVrs\u00bb,\u00bbcss_classes\u00bb:\u00bb\u00bb,\u00bbcustom_css_classes\u00bb:\u00bb\u00bb,\u00bbcustom_css_styles\u00bb:\u00bb\u00bb,\u00bbcount_to\u00bb:\u00bb10&#8243;,\u00bbicon\u00bb:\u00bbim-business-manwoman\u00bb,\u00bbicon_style\u00bb:\u00bb\u00bb,\u00bbicon_image\u00bb:\u00bb\u00bb,\u00bbstyle\u00bb:\u00bbcounter-horizontal\u00bb,\u00bbfrom\u00bb:\u00bb\u00bb,\u00bbspeed\u00bb:\u00bb\u00bb,\u00bbinterval\u00bb:\u00bb\u00bb,\u00bbtitle\u00bb:\u00bbEQUIPO\u00bb,\u00bbsubtitle\u00bb:\u00bb+\u00bb,\u00bbseparator\u00bb:\u00bb\u00bb,\u00bbtext_size\u00bb:\u00bb\u00bb,\u00bbtext_size_2&#8243;:\u00bb\u00bb,\u00bbicon_size\u00bb:\u00bb\u00bb}],\u00bbrows\u00bb:\u00bb1&#8243;,\u00bbcols\u00bb:\u00bb4&#8243;,\u00bbstyle\u00bb:\u00bbtable-border\u00bb,\u00bbresponsive\u00bb:\u00bbtable-6-md\u00bb,\u00bbfull_mobile\u00bb:false}]}],\u00bbsection_settings\u00bb:\u00bb\u00bb},\u00bbscripts\u00bb:{\u00abparallax\u00bb:\u00bbparallax.min.js\u00bb,\u00bbglide\u00bb:\u00bbglide.min.js\u00bb,\u00bblightbox\u00bb:\u00bbmagnific-popup.min.js\u00bb,\u00bbprogress_counter\u00bb:\u00bbprogress.js\u00bb},\u00bbcss\u00bb:{\u00abglide\u00bb:\u00bbcss\/glide.css\u00bb,\u00bblightbox\u00bb:\u00bbcss\/magnific-popup.css\u00bb},\u00bbcss_page\u00bb:\u00bb\u00bb,\u00bbtemplate_setting\u00bb:{},\u00bbtemplate_setting_top\u00bb:{},\u00bbpage_setting\u00bb:{\u00absettings\u00bb:[\u00ablock-mode-off\u00bb]}}<\/p>\n","protected":false},"excerpt":{"rendered":"<p>{\u00abmain-title\u00bb:{\u00abcomponent\u00bb:\u00bbhc_title\u00bb,\u00bbid\u00bb:\u00bbmain-title\u00bb,\u00bbtitle\u00bb:\u00bb\u00bb,\u00bbsubtitle\u00bb:\u00bbNuestra propuesta de valor\u00bb,\u00bbtitle_content\u00bb:{\u00abcomponent\u00bb:\u00bbhc_title_image\u00bb,\u00bbid\u00bb:\u00bbtitle-image\u00bb,\u00bbimage\u00bb:\u00bbhttp:\/\/websummit.fintechlab.la\/wp-content\/uploads\/2020\/12\/rendered-1024&#215;267.jpg|500|1920|1040995&#8243;,\u00bbfull_screen\u00bb:false,\u00bbfull_screen_height\u00bb:\u00bb\u00bb,\u00bbparallax\u00bb:true,\u00bbbleed\u00bb:\u00bb\u00bb,\u00bbken_burn\u00bb:\u00bbken-burn-center\u00bb,\u00bbbreadcrumbs\u00bb:true,\u00bblight\u00bb:true,\u00bbalignment\u00bb:\u00bbalign-center\u00bb}},\u00bbsection_5ZtkF\u00bb:{\u00abcomponent\u00bb:\u00bbhc_section\u00bb,\u00bbid\u00bb:\u00bbsection_5ZtkF\u00bb,\u00bbsection_width\u00bb:\u00bb\u00bb,\u00bbanimation\u00bb:\u00bb\u00bb,\u00bbanimation_time\u00bb:\u00bb\u00bb,\u00bbtimeline_animation\u00bb:\u00bb\u00bb,\u00bbtimeline_delay\u00bb:\u00bb\u00bb,\u00bbtimeline_order\u00bb:\u00bb\u00bb,\u00bbvertical_row\u00bb:\u00bb\u00bb,\u00bbcss_classes\u00bb:\u00bb\u00bb,\u00bbcustom_css_classes\u00bb:\u00bb\u00bb,\u00bbcustom_css_styles\u00bb:\u00bb\u00bb,\u00bbsection_content\u00bb:[{\u00abcomponent\u00bb:\u00bbhc_column\u00bb,\u00bbid\u00bb:\u00bbcolumn_dI1j4&#8243;,\u00bbcolumn_width\u00bb:\u00bbcol-md-4&#8243;,\u00bbanimation\u00bb:\u00bb\u00bb,\u00bbanimation_time\u00bb:\u00bb\u00bb,\u00bbtimeline_animation\u00bb:\u00bb\u00bb,\u00bbtimeline_delay\u00bb:\u00bb\u00bb,\u00bbtimeline_order\u00bb:\u00bb\u00bb,\u00bbcss_classes\u00bb:\u00bb\u00bb,\u00bbcustom_css_classes\u00bb:\u00bb\u00bb,\u00bbcustom_css_styles\u00bb:\u00bb\u00bb,\u00bbmain_content\u00bb:[{\u00abcomponent\u00bb:\u00bbhc_text_block\u00bb,\u00bbid\u00bb:\u00bb94HcC\u00bb,\u00bbcss_classes\u00bb:\u00bb\u00bb,\u00bbcustom_css_classes\u00bb:\u00bb\u00bb,\u00bbcustom_css_styles\u00bb:\u00bb\u00bb,\u00bbcontent\u00bb:\u00bb Nuestra visi\u00f3n es ser la empresa m\u00e1s centrada en las personas del mundo, donde los clientes puedan descubrir cualquier servicio financiero que deseen contratar en l\u00ednea y comprometerse a ofrecer los costos m\u00e1s bajos posibles. \u00ab}]},{\u00abcomponent\u00bb:\u00bbhc_column\u00bb,\u00bbid\u00bb:\u00bbcolumn_86nrC\u00bb,\u00bbcolumn_width\u00bb:\u00bbcol-md-4&#8243;,\u00bbanimation\u00bb:\u00bb\u00bb,\u00bbanimation_time\u00bb:\u00bb\u00bb,\u00bbtimeline_animation\u00bb:\u00bb\u00bb,\u00bbtimeline_delay\u00bb:\u00bb\u00bb,\u00bbtimeline_order\u00bb:\u00bb\u00bb,\u00bbcss_classes\u00bb:\u00bb\u00bb,\u00bbcustom_css_classes\u00bb:\u00bb\u00bb,\u00bbcustom_css_styles\u00bb:\u00bb\u00bb,\u00bbmain_content\u00bb:[{\u00abcomponent\u00bb:\u00bbhc_text_block\u00bb,\u00bbid\u00bb:\u00bbdD7lu\u00bb,\u00bbcss_classes\u00bb:\u00bb\u00bb,\u00bbcustom_css_classes\u00bb:\u00bb\u00bb,\u00bbcustom_css_styles\u00bb:\u00bb\u00bb,\u00bbcontent\u00bb:\u00bb FintechLab es una empresa de innovaci\u00f3n digital especializada en tecnolog\u00edas financieras. Brindamos servicios desde el [&hellip;]<\/p>\n","protected":false},"author":2,"featured_media":0,"parent":0,"menu_order":0,"comment_status":"closed","ping_status":"closed","template":"","meta":{"inline_featured_image":false,"footnotes":""},"class_list":["post-1041279","page","type-page","status-publish","hentry"],"_links":{"self":[{"href":"https:\/\/fintechlab.la\/es\/wp-json\/wp\/v2\/pages\/1041279","targetHints":{"allow":["GET"]}}],"collection":[{"href":"https:\/\/fintechlab.la\/es\/wp-json\/wp\/v2\/pages"}],"about":[{"href":"https:\/\/fintechlab.la\/es\/wp-json\/wp\/v2\/types\/page"}],"author":[{"embeddable":true,"href":"https:\/\/fintechlab.la\/es\/wp-json\/wp\/v2\/users\/2"}],"replies":[{"embeddable":true,"href":"https:\/\/fintechlab.la\/es\/wp-json\/wp\/v2\/comments?post=1041279"}],"version-history":[{"count":13,"href":"https:\/\/fintechlab.la\/es\/wp-json\/wp\/v2\/pages\/1041279\/revisions"}],"predecessor-version":[{"id":1042160,"href":"https:\/\/fintechlab.la\/es\/wp-json\/wp\/v2\/pages\/1041279\/revisions\/1042160"}],"wp:attachment":[{"href":"https:\/\/fintechlab.la\/es\/wp-json\/wp\/v2\/media?parent=1041279"}],"curies":[{"name":"wp","href":"https:\/\/api.w.org\/{rel}","templated":true}]}}